{"id":2,"date":"2020-01-01T18:35:09","date_gmt":"2020-01-01T18:35:09","guid":{"rendered":"https:\/\/utegliwa.de\/?page_id=2"},"modified":"2024-02-01T13:17:52","modified_gmt":"2024-02-01T13:17:52","slug":"ueber","status":"publish","type":"page","link":"https:\/\/utegliwa.de\/index.php\/ueber\/","title":{"rendered":"\u00dcber"},"content":{"rendered":"\n<div class=\"wp-block-media-text alignwide has-media-on-the-right is-stacked-on-mobile is-vertically-aligned-center\" style=\"grid-template-columns:auto 47%\"><div class=\"wp-block-media-text__content\">\n<p>Ute Gliwa ist Gr\u00fcnderin, Herausgeberin und Chefredakteurin von S\u00e9par\u00e9e, dem Magazin f\u00fcr Liebe, Lust und Sinnlichkeit. Ihre Texte erscheinen auch in anderen Publikationen.<\/p>\n\n\n\n<p>Sie lebt, liebt und schreibt in Berlin. <\/p>\n\n\n\n<p>\n<!--StartFragment--><\/p>\n\n\n\n<p><\/p>\n\n\n\n<p>Anl\u00e4sslich des 10. Geburtstags von S\u00e9par\u00e9e war sie beim Podcast LottasLust zu Gast und plauderte \u00fcber ihr illustres Privat- und Arbeitsleben: <\/p>\n\n\n\n<p><a rel=\"noreferrer noopener\" href=\"https:\/\/open.spotify.com\/episode\/4oGln118eUpqAUitts5gMa?si=e4L7n-I-RxWwVo6dk9nitQ\" target=\"_blank\">https:\/\/open.spotify.com\/episode\/4oGln118eUpqAUitts5gMa?si=e4L7n-I-RxWwVo6dk9nitQ<\/a><\/p>\n\n\n\n<p> <\/p>\n\n\n\n<p><!--EndFragment--><\/p>\n\n\n\n<p><\/p>\n\n\n\n<p>Foto: Franziska Hauser<\/p>\n<\/div><figure class=\"wp-block-media-text__media\"><img loading=\"lazy\" decoding=\"async\" width=\"600\" height=\"922\" src=\"https:\/\/utegliwa.de\/wp-content\/uploads\/2021\/04\/K800_IMG_3874quatsch.jpg\" alt=\"\" class=\"wp-image-195 size-full\" srcset=\"https:\/\/utegliwa.de\/wp-content\/uploads\/2021\/04\/K800_IMG_3874quatsch.jpg 600w, https:\/\/utegliwa.de\/wp-content\/uploads\/2021\/04\/K800_IMG_3874quatsch-195x300.jpg 195w\" sizes=\"auto, (max-width: 600px) 100vw, 600px\" \/><\/figure><\/div>\n\n\n\n<p><\/p>\n","protected":false},"excerpt":{"rendered":"<p>Ute Gliwa ist Gr\u00fcnderin, Herausgeberin und Chefredakteurin von S\u00e9par\u00e9e, dem Magazin f\u00fcr Liebe, Lust und Sinnlichkeit. Ihre Texte erscheinen auch in anderen Publikationen. Sie lebt, liebt und schreibt in Berlin. Anl\u00e4sslich des 10. Geburtstags von S\u00e9par\u00e9e war sie beim Podcast LottasLust zu Gast und plauderte \u00fcber ihr illustres Privat- und Arbeitsleben: https:\/\/open.spotify.com\/episode\/4oGln118eUpqAUitts5gMa?si=e4L7n-I-RxWwVo6dk9nitQ Foto: Franziska Hauser<\/p>\n","protected":false},"author":1,"featured_media":0,"parent":0,"menu_order":0,"comment_status":"closed","ping_status":"closed","template":"","meta":{"footnotes":""},"class_list":["post-2","page","type-page","status-publish","hentry"],"_links":{"self":[{"href":"https:\/\/utegliwa.de\/index.php\/wp-json\/wp\/v2\/pages\/2","targetHints":{"allow":["GET"]}}],"collection":[{"href":"https:\/\/utegliwa.de\/index.php\/wp-json\/wp\/v2\/pages"}],"about":[{"href":"https:\/\/utegliwa.de\/index.php\/wp-json\/wp\/v2\/types\/page"}],"author":[{"embeddable":true,"href":"https:\/\/utegliwa.de\/index.php\/wp-json\/wp\/v2\/users\/1"}],"replies":[{"embeddable":true,"href":"https:\/\/utegliwa.de\/index.php\/wp-json\/wp\/v2\/comments?post=2"}],"version-history":[{"count":14,"href":"https:\/\/utegliwa.de\/index.php\/wp-json\/wp\/v2\/pages\/2\/revisions"}],"predecessor-version":[{"id":230,"href":"https:\/\/utegliwa.de\/index.php\/wp-json\/wp\/v2\/pages\/2\/revisions\/230"}],"wp:attachment":[{"href":"https:\/\/utegliwa.de\/index.php\/wp-json\/wp\/v2\/media?parent=2"}],"curies":[{"name":"wp","href":"https:\/\/api.w.org\/{rel}","templated":true}]}}